{"id":9646,"date":"2023-02-06T16:44:51","date_gmt":"2023-02-06T15:44:51","guid":{"rendered":"https:\/\/anastasiya-bcn.com\/%d0%b1%d0%bb%d0%be%d0%b3\/"},"modified":"2023-03-14T11:40:22","modified_gmt":"2023-03-14T10:40:22","slug":"%d0%b1%d0%bb%d0%be%d0%b3","status":"publish","type":"page","link":"https:\/\/anastasiya-bcn.com\/ru\/%d0%b1%d0%bb%d0%be%d0%b3\/","title":{"rendered":"\u0411\u043b\u043e\u0433"},"content":{"rendered":"\t\t<div data-elementor-type=\"wp-page\" data-elementor-id=\"9646\" class=\"elementor elementor-9646 elementor-8701\" data-elementor-post-type=\"page\">\n\t\t\t\t\t\t<div data-wixi-parallax=\"{&quot;type&quot;:&quot;scroll&quot;,&quot;speed&quot;:&quot;1.5&quot;,&quot;imgsize&quot;:&quot;cover&quot;,&quot;imgsrc&quot;:&quot;&quot;,&quot;mobile&quot;:&quot;&quot;}\" class=\"elementor-section elementor-top-section elementor-element elementor-element-29239b6 elementor-section-content-middle wixi-parallax jarallax parallax-yes elementor-section-stretched elementor-section-full_width elementor-section-height-default elementor-section-height-default\" data-id=\"29239b6\" data-element_type=\"section\" data-settings=\"{&quot;background_background&quot;:&quot;classic&quot;,&quot;stretch_section&quot;:&quot;section-stretched&quot;}\">\n\t\t\t\t\t\t\t<div class=\"elementor-background-overlay\"><\/div>\n\t\t\t\t\t\t\t<div class=\"elementor-container elementor-column-gap-default\">\n\t\t\t\t\t<div class=\"elementor-column elementor-col-100 elementor-top-column elementor-element elementor-element-da724f3\" data-id=\"da724f3\" data-element_type=\"column\" data-settings=\"{&quot;background_background&quot;:&quot;classic&quot;}\">\n\t\t\t<div class=\"elementor-widget-wrap elementor-element-populated\">\n\t\t\t\t\t\t<section class=\"elementor-section elementor-inner-section elementor-element elementor-element-d36c830 elementor-section-boxed elementor-section-height-default elementor-section-height-default\" data-id=\"d36c830\" data-element_type=\"section\">\n\t\t\t\t\t\t<div class=\"elementor-container elementor-column-gap-default\">\n\t\t\t\t\t<div class=\"elementor-column elementor-col-100 elementor-inner-column elementor-element elementor-element-5925b05\" data-id=\"5925b05\" data-element_type=\"column\">\n\t\t\t<div class=\"elementor-widget-wrap elementor-element-populated\">\n\t\t\t\t\t\t<div data-split-settings=\"{&quot;type&quot;:&quot;words&quot;,&quot;animation&quot;:&quot;fadeIn2&quot;}\" class=\"elementor-element elementor-element-ba55ad8 wixi-headig-split heading-has-split-yes wixi-transform transform-type-translate elementor-widget elementor-widget-heading\" data-id=\"ba55ad8\" data-element_type=\"widget\" data-widget_type=\"heading.default\">\n\t\t\t\t<div class=\"elementor-widget-container\">\n\t\t\t<p class=\"elementor-heading-title elementor-size-default\">\u0421\u043e\u0431\u044b\u0442\u0438\u044f \u0410\u043d\u0430\u0441\u0442\u0430\u0441\u0438\u044f<\/p>\t\t<\/div>\n\t\t\t\t<\/div>\n\t\t\t\t<div data-split-settings=\"{&quot;type&quot;:&quot;words&quot;,&quot;animation&quot;:&quot;fadeInDown2&quot;}\" class=\"elementor-element elementor-element-fe56cc3 wixi-headig-split heading-has-split-yes wixi-transform transform-type-translate elementor-widget elementor-widget-heading\" data-id=\"fe56cc3\" data-element_type=\"widget\" data-widget_type=\"heading.default\">\n\t\t\t\t<div class=\"elementor-widget-container\">\n\t\t\t<h2 class=\"elementor-heading-title elementor-size-default\">\u041d\u043e\u0432\u043e\u0441\u0442\u0438<\/h2>\t\t<\/div>\n\t\t\t\t<\/div>\n\t\t\t\t<div data-split-settings=\"{&quot;type&quot;:&quot;words&quot;,&quot;animation&quot;:&quot;fadeInDown2&quot;}\" class=\"elementor-element elementor-element-0a9eaad wixi-headig-split heading-has-split-yes wixi-transform transform-type-translate elementor-widget elementor-widget-heading\" data-id=\"0a9eaad\" data-element_type=\"widget\" data-widget_type=\"heading.default\">\n\t\t\t\t<div class=\"elementor-widget-container\">\n\t\t\t<h6 class=\"elementor-heading-title elementor-size-default\">\u0425\u043e\u0442\u0438\u0442\u0435 \u0443\u0437\u043d\u0430\u0442\u044c \u0431\u043e\u043b\u044c\u0448\u0435 \u043e \u043d\u0430\u0448\u0438\u0445 \u043c\u0435\u0440\u043e\u043f\u0440\u0438\u044f\u0442\u0438\u044f\u0445?<\/h6>\t\t<\/div>\n\t\t\t\t<\/div>\n\t\t\t\t\t<\/div>\n\t\t<\/div>\n\t\t\t\t\t<\/div>\n\t\t<\/section>\n\t\t\t\t<section class=\"elementor-section elementor-inner-section elementor-element elementor-element-a7b822b elementor-section-full_width elementor-section-height-default elementor-section-height-default\" data-id=\"a7b822b\" data-element_type=\"section\">\n\t\t\t\t\t\t<div class=\"elementor-container elementor-column-gap-no\">\n\t\t\t\t\t<div class=\"elementor-column elementor-col-100 elementor-inner-column elementor-element elementor-element-abfb057\" data-id=\"abfb057\" data-element_type=\"column\">\n\t\t\t<div class=\"elementor-widget-wrap elementor-element-populated\">\n\t\t\t\t\t\t<div data-image-parallax-settings=\"{&quot;orientation&quot;:&quot;up&quot;,&quot;overflow&quot;: false,&quot;scale&quot;:1.2,&quot;delay&quot;:0.4,&quot;maxtrans&quot;:0}\" class=\"elementor-element elementor-element-d604d87 wixi-image-parallax image-has-parallax-yes elementor-widget elementor-widget-image\" data-id=\"d604d87\" data-element_type=\"widget\" data-widget_type=\"image.default\">\n\t\t\t\t<div class=\"elementor-widget-container\">\n\t\t\t\t\t\t\t\t\t\t\t\t\t<img fetchpriority=\"high\" decoding=\"async\" width=\"1800\" height=\"1200\" src=\"https:\/\/anastasiya-bcn.com\/wp-content\/uploads\/2023\/02\/noticias-1.jpg\" class=\"attachment-full size-full wp-image-8962\" alt=\"Blog\" srcset=\"https:\/\/anastasiya-bcn.com\/wp-content\/uploads\/2023\/02\/noticias-1.jpg 1800w, https:\/\/anastasiya-bcn.com\/wp-content\/uploads\/2023\/02\/noticias-1-300x200.jpg 300w, https:\/\/anastasiya-bcn.com\/wp-content\/uploads\/2023\/02\/noticias-1-1024x683.jpg 1024w, https:\/\/anastasiya-bcn.com\/wp-content\/uploads\/2023\/02\/noticias-1-768x512.jpg 768w, https:\/\/anastasiya-bcn.com\/wp-content\/uploads\/2023\/02\/noticias-1-1536x1024.jpg 1536w\" sizes=\"(max-width: 1800px) 100vw, 1800px\" \/>\t\t\t\t\t\t\t\t\t\t\t\t\t<\/div>\n\t\t\t\t<\/div>\n\t\t\t\t\t<\/div>\n\t\t<\/div>\n\t\t\t\t\t<\/div>\n\t\t<\/section>\n\t\t\t\t\t<\/div>\n\t\t<\/div>\n\t\t\t\t\t<\/div>\n\t\t<\/div>\n\t\t\t\t<section data-wixi-parallax=\"{&quot;type&quot;:&quot;scroll&quot;,&quot;speed&quot;:&quot;0.2&quot;,&quot;imgsize&quot;:&quot;auto&quot;,&quot;imgsrc&quot;:&quot;&quot;,&quot;mobile&quot;:&quot;&quot;}\" class=\"elementor-section elementor-top-section elementor-element elementor-element-e01d3d5 elementor-section-full_width wixi-parallax jarallax parallax-yes elementor-section-height-default elementor-section-height-default\" data-id=\"e01d3d5\" data-element_type=\"section\">\n\t\t\t\t\t\t<div class=\"elementor-container elementor-column-gap-default\">\n\t\t\t\t\t<div class=\"elementor-column elementor-col-100 elementor-top-column elementor-element elementor-element-0799456\" data-id=\"0799456\" data-element_type=\"column\">\n\t\t\t<div class=\"elementor-widget-wrap elementor-element-populated\">\n\t\t\t\t\t\t<div class=\"elementor-element elementor-element-93a85ef elementor-widget elementor-widget-wixi-blog-grid-two\" data-id=\"93a85ef\" data-element_type=\"widget\" data-widget_type=\"wixi-blog-grid-two.default\">\n\t\t\t\t<div class=\"elementor-widget-container\">\n\t\t\t<div class=\"blog-grid-two nt-blog nt-blog-widget\"><div class=\"container-off\"><div class=\"row\"><div class=\"col-12 col-sm-12 col-md-6 col-lg-4 item-column\"><div class=\"item wow fadeInUp\" data-wow-delay=\"0.2s\"><div class=\"content\"><div class=\"img\"><a class=\"img-link\" href=\"https:\/\/anastasiya-bcn.com\/ru\/%d0%b8%d0%bd%d1%82%d0%b5%d1%80%d0%b2%d1%8c%d1%8e-%d1%81-%d0%be%d1%81%d0%bd%d0%be%d0%b2%d0%b0%d1%82%d0%b5%d0%bb%d0%b5%d0%bc\/\"><img decoding=\"async\" width=\"768\" height=\"869\" src=\"https:\/\/anastasiya-bcn.com\/wp-content\/uploads\/2023\/02\/fundadora-de-anastasia-events.jpg\" class=\"attachment-large size-large wp-post-image\" alt=\"\" srcset=\"https:\/\/anastasiya-bcn.com\/wp-content\/uploads\/2023\/02\/fundadora-de-anastasia-events.jpg 768w, https:\/\/anastasiya-bcn.com\/wp-content\/uploads\/2023\/02\/fundadora-de-anastasia-events-265x300.jpg 265w\" sizes=\"(max-width: 768px) 100vw, 768px\" \/><\/a><div class=\"info\"><i class=\"far fa-clock\"><\/i> 06\/02\/2023<\/div><\/div><div class=\"content-footer\"><div class=\"title\"><h5><a href=\"https:\/\/anastasiya-bcn.com\/ru\/%d0%b8%d0%bd%d1%82%d0%b5%d1%80%d0%b2%d1%8c%d1%8e-%d1%81-%d0%be%d1%81%d0%bd%d0%be%d0%b2%d0%b0%d1%82%d0%b5%d0%bb%d0%b5%d0%bc\/\">\u0418\u043d\u0442\u0435\u0440\u0432\u044c\u044e \u0441 \u043e\u0441\u043d\u043e\u0432\u0430\u0442\u0435\u043b\u0435\u043c<\/a><\/h4><\/div><div class=\"excerpt\"><p>\u0410\u043d\u0430\u0441\u0442\u0430\u0441\u0438\u044f \u044f\u0432\u043b\u044f\u0435\u0442\u0441\u044f \u043e\u0441\u043d\u043e\u0432\u0430\u0442\u0435\u043b\u0435\u043c \u043a\u043e\u043c\u043f\u0430\u043d\u0438\u0438 \u043f\u043e \u043e\u0440\u0433\u0430\u043d\u0438\u0437\u0430\u0446\u0438\u0438 \u043c\u0435\u0440\u043e\u043f\u0440\u0438\u044f\u0442\u0438\u0439 Events Anastasiya. \u042d\u0442\u043e\u0442 27-\u043b\u0435\u0442\u043d\u0438\u0439 \u0431\u0435\u043b\u043e\u0440\u0443\u0441, \u043a\u043e\u0442\u043e\u0440\u044b\u0439 \u0436\u0438\u0432\u0435\u0442 \u0432 \u0411\u0430\u0440\u0441\u0435\u043b\u043e\u043d\u0435 \u0443\u0436\u0435 \u0448\u0435\u0441\u0442\u044c \u043b\u0435\u0442, \u0438\u0437\u0443\u0447\u0430\u043b&hellip;<\/p><\/div><div class=\"more\"><a href=\"https:\/\/anastasiya-bcn.com\/ru\/%d0%b8%d0%bd%d1%82%d0%b5%d1%80%d0%b2%d1%8c%d1%8e-%d1%81-%d0%be%d1%81%d0%bd%d0%be%d0%b2%d0%b0%d1%82%d0%b5%d0%bb%d0%b5%d0%bc\/\">Leer m\u00e1s<\/a><\/div><\/div><\/div><\/div><\/div><div class=\"col-12 col-sm-12 col-md-6 col-lg-4 item-column\"><div class=\"item wow fadeInUp\" data-wow-delay=\"0.3s\"><div class=\"content\"><div class=\"img\"><a class=\"img-link\" href=\"https:\/\/anastasiya-bcn.com\/ru\/%d0%b4%d0%b5%d0%b3%d1%83%d1%81%d1%82%d0%b0%d1%86%d0%b8%d0%b8-%d0%b2%d0%b8%d0%bd-%d0%b2%d0%b8%d1%81%d0%ba%d0%b8-%d0%b8-%d0%b2%d0%b5%d1%80%d0%bc%d1%83%d1%82%d0%be%d0%b2-%d0%b2-%d0%b1%d0%b0%d1%80%d1%81\/\"><img decoding=\"async\" width=\"571\" height=\"422\" src=\"https:\/\/anastasiya-bcn.com\/wp-content\/uploads\/2023\/02\/DSC0018-1-571x422-1.jpg\" class=\"attachment-large size-large wp-post-image\" alt=\"\" srcset=\"https:\/\/anastasiya-bcn.com\/wp-content\/uploads\/2023\/02\/DSC0018-1-571x422-1.jpg 571w, https:\/\/anastasiya-bcn.com\/wp-content\/uploads\/2023\/02\/DSC0018-1-571x422-1-300x222.jpg 300w\" sizes=\"(max-width: 571px) 100vw, 571px\" \/><\/a><div class=\"info\"><i class=\"far fa-clock\"><\/i> 06\/02\/2023<\/div><\/div><div class=\"content-footer\"><div class=\"title\"><h5><a href=\"https:\/\/anastasiya-bcn.com\/ru\/%d0%b4%d0%b5%d0%b3%d1%83%d1%81%d1%82%d0%b0%d1%86%d0%b8%d0%b8-%d0%b2%d0%b8%d0%bd-%d0%b2%d0%b8%d1%81%d0%ba%d0%b8-%d0%b8-%d0%b2%d0%b5%d1%80%d0%bc%d1%83%d1%82%d0%be%d0%b2-%d0%b2-%d0%b1%d0%b0%d1%80%d1%81\/\">\u0414\u0435\u0433\u0443\u0441\u0442\u0430\u0446\u0438\u0438 \u0432\u0438\u043d, \u0432\u0438\u0441\u043a\u0438 \u0438 \u0432\u0435\u0440\u043c\u0443\u0442\u043e\u0432 \u0432 \u0411\u0430\u0440\u0441\u0435\u043b\u043e\u043d\u0435<\/a><\/h4><\/div><div class=\"excerpt\"><p>\u041a\u043e\u043d\u0446\u0435\u043f\u0446\u0438\u044f \u0432\u0438\u043d\u043d\u044b\u0445 \u0434\u0435\u0433\u0443\u0441\u0442\u0430\u0446\u0438\u0439. \u041d\u0430\u0448\u0430 \u043a\u043e\u043c\u0430\u043d\u0434\u0430 \u0432\u043c\u0435\u0441\u0442\u0435 \u0441 \u043f\u0440\u043e\u0444\u0435\u0441\u0441\u0438\u043e\u043d\u0430\u043b\u043e\u043c \u0432 \u043e\u0431\u043b\u0430\u0441\u0442\u0438 \u0432\u0438\u043d\u0430 \u0440\u0430\u0437\u0440\u0430\u0431\u0430\u0442\u044b\u0432\u0430\u0435\u0442 \u0438\u043d\u0442\u0435\u0440\u0435\u0441\u043d\u0443\u044e \u0438 \u0443\u043d\u0438\u043a\u0430\u043b\u044c\u043d\u0443\u044e \u0442\u0435\u043c\u0443 \u0434\u0435\u0433\u0443\u0441\u0442\u0430\u0446\u0438\u0438. \u041a\u0430\u0436\u0434\u044b\u0439 \u0440\u0430\u0437 \u0440\u0430\u0437\u043d\u044b\u0435,&hellip;<\/p><\/div><div class=\"more\"><a href=\"https:\/\/anastasiya-bcn.com\/ru\/%d0%b4%d0%b5%d0%b3%d1%83%d1%81%d1%82%d0%b0%d1%86%d0%b8%d0%b8-%d0%b2%d0%b8%d0%bd-%d0%b2%d0%b8%d1%81%d0%ba%d0%b8-%d0%b8-%d0%b2%d0%b5%d1%80%d0%bc%d1%83%d1%82%d0%be%d0%b2-%d0%b2-%d0%b1%d0%b0%d1%80%d1%81\/\">Leer m\u00e1s<\/a><\/div><\/div><\/div><\/div><\/div><div class=\"col-12 col-sm-12 col-md-6 col-lg-4 item-column\"><div class=\"item wow fadeInUp\" data-wow-delay=\"0.4s\"><div class=\"content\"><div class=\"img\"><a class=\"img-link\" href=\"https:\/\/anastasiya-bcn.com\/ru\/%d1%84%d0%b8%d1%82%d1%83%d1%80-2018-%d0%b8-%d0%ba%d1%82%d0%be-%d0%b4%d0%be%d0%bb%d0%b6%d0%b5%d0%bd-%d0%bf%d1%80%d0%b8%d0%bd%d1%8f%d1%82%d1%8c-%d1%83%d1%87%d0%b0%d1%81%d1%82%d0%b8%d0%b5\/\"><img loading=\"lazy\" decoding=\"async\" width=\"960\" height=\"540\" src=\"https:\/\/anastasiya-bcn.com\/wp-content\/uploads\/2023\/02\/20180118_171916-1-min-1024x576.jpg\" class=\"attachment-large size-large wp-post-image\" alt=\"\" srcset=\"https:\/\/anastasiya-bcn.com\/wp-content\/uploads\/2023\/02\/20180118_171916-1-min-1024x576.jpg 1024w, https:\/\/anastasiya-bcn.com\/wp-content\/uploads\/2023\/02\/20180118_171916-1-min-300x169.jpg 300w, https:\/\/anastasiya-bcn.com\/wp-content\/uploads\/2023\/02\/20180118_171916-1-min-768x432.jpg 768w, https:\/\/anastasiya-bcn.com\/wp-content\/uploads\/2023\/02\/20180118_171916-1-min-1536x864.jpg 1536w, https:\/\/anastasiya-bcn.com\/wp-content\/uploads\/2023\/02\/20180118_171916-1-min-2048x1152.jpg 2048w\" sizes=\"(max-width: 960px) 100vw, 960px\" \/><\/a><div class=\"info\"><i class=\"far fa-clock\"><\/i> 06\/02\/2023<\/div><\/div><div class=\"content-footer\"><div class=\"title\"><h5><a href=\"https:\/\/anastasiya-bcn.com\/ru\/%d1%84%d0%b8%d1%82%d1%83%d1%80-2018-%d0%b8-%d0%ba%d1%82%d0%be-%d0%b4%d0%be%d0%bb%d0%b6%d0%b5%d0%bd-%d0%bf%d1%80%d0%b8%d0%bd%d1%8f%d1%82%d1%8c-%d1%83%d1%87%d0%b0%d1%81%d1%82%d0%b8%d0%b5\/\">\u0424\u0438\u0442\u0443\u0440 2018 \u0438 \u043a\u0442\u043e \u0434\u043e\u043b\u0436\u0435\u043d \u043f\u0440\u0438\u043d\u044f\u0442\u044c \u0443\u0447\u0430\u0441\u0442\u0438\u0435<\/a><\/h4><\/div><div class=\"excerpt\"><p>\u0421\u043e\u0431\u044b\u0442\u0438\u044f \u0410\u043d\u0430\u0441\u0442\u0430\u0441\u0438\u044f \u043f\u0440\u0438\u043d\u044f\u043b\u0430 \u0443\u0447\u0430\u0441\u0442\u0438\u0435 \u0432 \u043c\u0435\u0436\u0434\u0443\u043d\u0430\u0440\u043e\u0434\u043d\u043e\u0439 \u0432\u044b\u0441\u0442\u0430\u0432\u043a\u0435 Fitur 2018, \u043a\u043e\u0442\u043e\u0440\u0430\u044f \u043f\u0440\u043e\u0445\u043e\u0434\u0438\u043b\u0430 \u0441 17 \u043f\u043e 21 \u044f\u043d\u0432\u0430\u0440\u044f \u0432 \u041c\u0430\u0434\u0440\u0438\u0434\u0435. Fitur -&hellip;<\/p><\/div><div class=\"more\"><a href=\"https:\/\/anastasiya-bcn.com\/ru\/%d1%84%d0%b8%d1%82%d1%83%d1%80-2018-%d0%b8-%d0%ba%d1%82%d0%be-%d0%b4%d0%be%d0%bb%d0%b6%d0%b5%d0%bd-%d0%bf%d1%80%d0%b8%d0%bd%d1%8f%d1%82%d1%8c-%d1%83%d1%87%d0%b0%d1%81%d1%82%d0%b8%d0%b5\/\">Leer m\u00e1s<\/a><\/div><\/div><\/div><\/div><\/div><\/div><div class=\"nt-pagination d-flex justify-content-center align-items-center\"><span aria-current=\"page\" class=\"page-numbers current\"><div class=\"nt-pagination-item\">1<\/div><\/span>\n<a class=\"page-numbers\" href=\"https:\/\/anastasiya-bcn.com\/ru\/wp-json\/wp\/v2\/pages\/9646\/page\/2\/\"><div class=\"nt-pagination-item\">2<\/div><\/a>\n<a class=\"next page-numbers\" href=\"https:\/\/anastasiya-bcn.com\/ru\/wp-json\/wp\/v2\/pages\/9646\/page\/2\/\">Siguiente<\/a><\/div><\/div><\/div>\t\t<\/div>\n\t\t\t\t<\/div>\n\t\t\t\t\t<\/div>\n\t\t<\/div>\n\t\t\t\t\t<\/div>\n\t\t<\/section>\n\t\t\t\t<\/div>\n\t\t","protected":false},"excerpt":{"rendered":"<p>\u0421\u043e\u0431\u044b\u0442\u0438\u044f \u0410\u043d\u0430\u0441\u0442\u0430\u0441\u0438\u044f \u041d\u043e\u0432\u043e\u0441\u0442\u0438 \u0425\u043e\u0442\u0438\u0442\u0435 \u0443\u0437\u043d\u0430\u0442\u044c \u0431\u043e\u043b\u044c\u0448\u0435 \u043e \u043d\u0430\u0448\u0438\u0445 \u043c\u0435\u0440\u043e\u043f\u0440\u0438\u044f\u0442\u0438\u044f\u0445? 06\/02\/2023 Entrevista con la Fundadora Anastasiya es la fundadora de la empresa de organizaci\u00f3n de eventos Events Anastasiya. Esta bielorrusa de 27 a\u00f1os que reside&hellip; Leer m\u00e1s 06\/02\/2023 Degustaciones de vinos, whisky, vermut en Barcelona El concepto de catas de vino.&nbsp;Nuestro equipo junto con un profesional&#8230;<\/p>\n","protected":false},"author":1,"featured_media":0,"parent":0,"menu_order":0,"comment_status":"closed","ping_status":"closed","template":"wixi-elementor-page.php","meta":{"rank_math_lock_modified_date":false,"footnotes":""},"class_list":{"0":"post-9646","1":"page","2":"type-page","3":"status-publish","4":"hentry","5":"nt-post-class","6":"","9":"excerpt-none"},"rankMath":{"parentDomain":"anastasiya-bcn.com","noFollowDomains":[],"noFollowExcludeDomains":[],"noFollowExternalLinks":false,"featuredImageNotice":"\u041f\u043e\u043a\u0430\u0437\u0430\u043d\u043d\u043e\u0435 \u0438\u0437\u043e\u0431\u0440\u0430\u0436\u0435\u043d\u0438\u0435 \u0434\u043e\u043b\u0436\u043d\u043e \u0431\u044b\u0442\u044c \u0440\u0430\u0437\u043c\u0435\u0440\u043e\u043c \u043d\u0435 \u043c\u0435\u043d\u0435\u0435 200 \u043d\u0430 200 \u043f\u0438\u043a\u0441\u0435\u043b\u0435\u0439, \u0447\u0442\u043e\u0431\u044b \u0435\u0433\u043e \u043c\u043e\u0433\u043b\u0438 \u0443\u0432\u0438\u0434\u0435\u0442\u044c Facebook \u0438 \u0434\u0440\u0443\u0433\u0438\u0435 \u0441\u0430\u0439\u0442\u044b \u0441\u043e\u0446\u0438\u0430\u043b\u044c\u043d\u044b\u0445 \u0441\u0435\u0442\u0435\u0439.","pluginReviewed":false,"postSettings":{"linkSuggestions":true,"useFocusKeyword":false},"frontEndScore":false,"postName":"%d1%84%d0%b8%d1%82%d1%83%d1%80-2018-%d0%b8-%d0%ba%d1%82%d0%be-%d0%b4%d0%be%d0%bb%d0%b6%d0%b5%d0%bd-%d0%bf%d1%80%d0%b8%d0%bd%d1%8f%d1%82%d1%8c-%d1%83%d1%87%d0%b0%d1%81%d1%82%d0%b8%d0%b5","permalinkFormat":"https:\/\/anastasiya-bcn.com\/ru\/%postname%\/","showLockModifiedDate":true,"assessor":{"focusKeywordLink":"https:\/\/anastasiya-bcn.com\/wp-admin\/edit.php?focus_keyword=%focus_keyword%&post_type=%post_type%","hasTOCPlugin":true,"primaryTaxonomy":{"title":"\u0420\u0443\u0431\u0440\u0438\u043a\u0430","name":"category","singularLabel":"\u0420\u0443\u0431\u0440\u0438\u043a\u0430","restBase":"categories"},"serpData":{"title":"","description":"","focusKeywords":"","pillarContent":false,"canonicalUrl":"","breadcrumbTitle":"","advancedRobots":[],"facebookTitle":"","facebookDescription":"","facebookImage":"","facebookImageID":"","facebookHasOverlay":false,"facebookImageOverlay":"","facebookAuthor":"","twitterCardType":"","twitterUseFacebook":true,"twitterTitle":"","twitterDescription":"","twitterImage":"","twitterImageID":"","twitterHasOverlay":false,"twitterImageOverlay":"","twitterPlayerUrl":"","twitterPlayerSize":"","twitterPlayerStream":"","twitterPlayerStreamCtype":"","twitterAppDescription":"","twitterAppIphoneName":"","twitterAppIphoneID":"","twitterAppIphoneUrl":"","twitterAppIpadName":"","twitterAppIpadID":"","twitterAppIpadUrl":"","twitterAppGoogleplayName":"","twitterAppGoogleplayID":"","twitterAppGoogleplayUrl":"","twitterAppCountry":"","robots":{"index":true},"twitterAuthor":"\u0438\u043c\u044f \u043f\u043e\u043b\u044c\u0437\u043e\u0432\u0430\u0442\u0435\u043b\u044f","primaryTerm":0,"authorName":"admin","titleTemplate":"%title% %sep% %sitename%","descriptionTemplate":"%excerpt%","showScoreFrontend":true,"lockModifiedDate":false},"powerWords":[],"diacritics":{"A":"[\\u0410\\u0430]","B":"[\\u0411\\u0431]","V":"[\\u0412\\u0432]","G":"[\\u0413\\u0433]","D":"[\\u0414\\u0434]","YE":"[\\u0415\\u0435]","YO":"[\\u0401\\u0451]","ZH":"[\\u0416\\u0436]","Z":"[\\u0417\\u0437]","EE":"[\\u0418\\u0438]","YI":"[\\u0419\\u0439]","K":"[\\u041A\\u043A]","L":"[\\u041B\\u043B]","M":"[\\u041C\\u043c]","P":"[\\u041F\\u043F]","T":"[\\u0422\\u0442]","U":"[\\u0423\\u0443]","F":"[\\u0424\\u0444]","H":"[\\u0425\\u0445]","TS":"[\\u0426\\u0446]","CH":"[\\u0427\\u0447]","SH":"[\\u0428\\u0448\\u0429\\u0449]","I":"[\\u042B\\u044B]","E":"[\\u042D\\u044D]","YU":"[\\u042E\\u044E]","YA":"[\\u042F\\u044F]","N":"[\\u041D\\u043D]"},"researchesTests":["contentHasTOC","contentHasShortParagraphs","contentHasAssets","keywordInTitle","keywordInMetaDescription","keywordInPermalink","keywordIn10Percent","keywordInContent","keywordInSubheadings","keywordInImageAlt","keywordDensity","keywordNotUsed","lengthContent","lengthPermalink","linksHasInternal","linksHasExternals","linksNotAllExternals","titleStartWithKeyword","titleSentiment","titleHasPowerWords","titleHasNumber","hasContentAI"],"hasRedirection":true,"hasBreadcrumb":false},"homeUrl":"https:\/\/anastasiya-bcn.com\/ru\/","objectID":9664,"objectType":"post","locale":"ru","localeFull":"ru_RU","overlayImages":{"play":{"name":"Play \u0438\u043a\u043e\u043d\u043a\u0430","url":"https:\/\/anastasiya-bcn.com\/wp-content\/plugins\/seo-by-rank-math\/assets\/admin\/img\/icon-play.png","path":"\/home\/neormmdr\/public_html\/wp-content\/plugins\/seo-by-rank-math\/assets\/admin\/img\/icon-play.png","position":"middle_center"},"gif":{"name":"GIF \u0438\u043a\u043e\u043d\u043a\u0430","url":"https:\/\/anastasiya-bcn.com\/wp-content\/plugins\/seo-by-rank-math\/assets\/admin\/img\/icon-gif.png","path":"\/home\/neormmdr\/public_html\/wp-content\/plugins\/seo-by-rank-math\/assets\/admin\/img\/icon-gif.png","position":"middle_center"}},"defautOgImage":"https:\/\/anastasiya-bcn.com\/wp-content\/uploads\/2023\/02\/Recurso-2.png","customPermalinks":true,"isUserRegistered":false,"autoSuggestKeywords":false,"connectSiteUrl":"https:\/\/rankmath.com\/auth?site=https%3A%2F%2Fanastasiya-bcn.com%2Fru%2F&r=https%3A%2F%2Fanastasiya-bcn.com%2Fru%2Fwp-json%2Fwp%2Fv2%2Fpages%2F9646%3Fnonce%3D84cb98fbab","maxTags":5,"trendsIcon":"<svg viewBox=\"0 0 610 610\"><path d=\"M18.85,446,174.32,290.48l58.08,58.08L76.93,504a14.54,14.54,0,0,1-20.55,0L18.83,466.48a14.54,14.54,0,0,1,0-20.55Z\" style=\"fill:#4285f4\"\/><path d=\"M242.65,242.66,377.59,377.6l-47.75,47.75a14.54,14.54,0,0,1-20.55,0L174.37,290.43l47.75-47.75A14.52,14.52,0,0,1,242.65,242.66Z\" style=\"fill:#ea4335\"\/><polygon points=\"319.53 319.53 479.26 159.8 537.34 217.88 377.61 377.62 319.53 319.53\" style=\"fill:#fabb05\"\/><path d=\"M594.26,262.73V118.61h0a16.94,16.94,0,0,0-16.94-16.94H433.2a16.94,16.94,0,0,0-12,28.92L565.34,274.71h0a16.94,16.94,0,0,0,28.92-12Z\" style=\"fill:#34a853\"\/><rect width=\"610\" height=\"610\" style=\"fill:none\"\/><\/svg>","showScore":true,"siteFavIcon":"https:\/\/anastasiya-bcn.com\/wp-content\/uploads\/2023\/03\/cropped-mini-verde-32x32.png","canUser":{"general":false,"advanced":false,"snippet":false,"social":false,"analysis":false,"analytics":false,"content_ai":false},"isPro":false,"is_front_page":false,"trendsUpgradeLink":"https:\/\/rankmath.com\/pricing\/?utm_source=Plugin&utm_medium=CE%20General%20Tab%20Trends&utm_campaign=WP","trendsUpgradeLabel":"\u0410\u043f\u0433\u0440\u0435\u0439\u0434","trendsPreviewImage":"https:\/\/anastasiya-bcn.com\/wp-content\/plugins\/seo-by-rank-math\/assets\/admin\/img\/trends-preview.jpg","currentEditor":false,"homepageData":{"assessor":{"powerWords":[],"diacritics":true,"researchesTests":["contentHasTOC","contentHasShortParagraphs","contentHasAssets","keywordInTitle","keywordInMetaDescription","keywordInPermalink","keywordIn10Percent","keywordInContent","keywordInSubheadings","keywordInImageAlt","keywordDensity","keywordNotUsed","lengthContent","lengthPermalink","linksHasInternal","linksHasExternals","linksNotAllExternals","titleStartWithKeyword","titleSentiment","titleHasPowerWords","titleHasNumber","hasContentAI"],"hasBreadcrumb":false,"serpData":{"title":"%sitename% %page% %sep% %sitedesc%","description":"","titleTemplate":"%sitename% %page% %sep% %sitedesc%","descriptionTemplate":"","focusKeywords":"","breadcrumbTitle":"Home","robots":{"index":true},"advancedRobots":[],"facebookTitle":"","facebookDescription":"","facebookImage":"","facebookImageID":""}}},"tocTitle":"Table of Contents","tocExcludeHeadings":[],"listStyle":"ul"},"_links":{"self":[{"href":"https:\/\/anastasiya-bcn.com\/ru\/wp-json\/wp\/v2\/pages\/9646"}],"collection":[{"href":"https:\/\/anastasiya-bcn.com\/ru\/wp-json\/wp\/v2\/pages"}],"about":[{"href":"https:\/\/anastasiya-bcn.com\/ru\/wp-json\/wp\/v2\/types\/page"}],"author":[{"embeddable":true,"href":"https:\/\/anastasiya-bcn.com\/ru\/wp-json\/wp\/v2\/users\/1"}],"replies":[{"embeddable":true,"href":"https:\/\/anastasiya-bcn.com\/ru\/wp-json\/wp\/v2\/comments?post=9646"}],"version-history":[{"count":1,"href":"https:\/\/anastasiya-bcn.com\/ru\/wp-json\/wp\/v2\/pages\/9646\/revisions"}],"predecessor-version":[{"id":9650,"href":"https:\/\/anastasiya-bcn.com\/ru\/wp-json\/wp\/v2\/pages\/9646\/revisions\/9650"}],"wp:attachment":[{"href":"https:\/\/anastasiya-bcn.com\/ru\/wp-json\/wp\/v2\/media?parent=9646"}],"curies":[{"name":"wp","href":"https:\/\/api.w.org\/{rel}","templated":true}]}}